{"id":30,"date":"2017-01-24T16:06:28","date_gmt":"2017-01-24T16:06:28","guid":{"rendered":"http:\/\/www.nicdarkthemes.com\/themes\/beauty\/wp\/demo\/?page_id=30"},"modified":"2025-11-17T14:53:11","modified_gmt":"2025-11-17T13:53:11","slug":"meine-angebote","status":"publish","type":"page","link":"https:\/\/elvira-kaselitz.de\/index.php\/meine-angebote\/","title":{"rendered":"Meine Angebote"},"content":{"rendered":"<div class=\"wpb-content-wrapper\"><p>[vc_row css=&#8220;.vc_custom_1485535037496{margin-top: 50px !important;}&#8220;][vc_column width=&#8220;1\/3&#8243;]<div style=\"background-color:;height: 10px\" class=\"nicdark_section  \"><\/div>\n\n    <div class=\"nd_options_section  nd_options_text_align_left \">\n\n        <img decoding=\"async\" style=\"margin-top:px\" alt=\"\" width=\"250\" src=\"https:\/\/elvira-kaselitz.de\/wp-content\/uploads\/2017\/02\/focus-9.jpg\">\n\n        <div class=\"nd_options_section nd_options_box_sizing_border_box\">\n            \n            <h3 class=\"nd_options_first_font nd_options_font_weight_bolder \" style=\"margin:10px 0px 0px 0px;color:;font-size:25px;line-height:25px\">Ganzk\u00f6rpermassagen<\/h3> \n            <p class=\"nd_options_second_font  \" style=\"margin:20px 0px;color:#a3a3a3;font-size:14px;line-height:24px\">Vertrauen Sie den bew\u00e4hrten Methoden der Massagen, die so vielf\u00e4ltig und individuell helfen k\u00f6nnen.<\/p> \n            <a class=\"nd_options_first_font nd_options_display_inline_block \" style=\"font-size:13px;line-height:13px;border-radius:15px;border:1px solid #f1f1f1;background-color:;padding:8px 12px;color:#a3a3a3\" rel=\"\" href=\"https:\/\/elvira-kaselitz.de\/index.php\/ganzkorpermassagen\/\">Mehr erfahren<\/a>\n\n        <\/div>\n\n    <\/div>\n\n  <div style=\"background-color:;height: 10px\" class=\"nicdark_section  \"><\/div>[\/vc_column][vc_column width=&#8220;1\/3&#8243;]<div style=\"background-color:;height: 10px\" class=\"nicdark_section  \"><\/div>\n\n    <div class=\"nd_options_section  nd_options_text_align_left \">\n\n        <img decoding=\"async\" style=\"margin-top:px\" alt=\"\" width=\"250\" src=\"https:\/\/elvira-kaselitz.de\/wp-content\/uploads\/2018\/12\/physiotherapy-567021_640.jpg\">\n\n        <div class=\"nd_options_section nd_options_box_sizing_border_box\">\n            \n            <h3 class=\"nd_options_first_font nd_options_font_weight_bolder \" style=\"margin:10px 0px 0px 0px;color:#727475;font-size:25px;line-height:25px\">Teilk\u00f6rpermassage<\/h3> \n            <p class=\"nd_options_second_font  \" style=\"margin:20px 0px;color:#a3a3a3;font-size:14px;line-height:24px\">Jede Erfahrung, die Sie ber\u00fchrt, zeigt sich in Ihrem K\u00f6rper, manchmal unsichtbar, manchmal ganz deutlich<\/p> \n            <a class=\"nd_options_first_font nd_options_display_inline_block \" style=\"font-size:13px;line-height:13px;border-radius:15px;border:1px solid #f1f1f1;background-color:;padding:8px 12px;color:#a3a3a3\" rel=\"\" href=\"https:\/\/elvira-kaselitz.de\/index.php\/teilkorpermassage\/\">Mehr erfahren<\/a>\n\n        <\/div>\n\n    <\/div>\n\n  <div style=\"background-color:;height: 10px\" class=\"nicdark_section  \"><\/div>[\/vc_column][vc_column width=&#8220;1\/3&#8243;]<div style=\"background-color:;height: 10px\" class=\"nicdark_section  \"><\/div>\n\n    <div class=\"nd_options_section  nd_options_text_align_left \">\n\n        <img decoding=\"async\" style=\"margin-top:px\" alt=\"\" width=\"250\" src=\"https:\/\/elvira-kaselitz.de\/wp-content\/uploads\/2018\/12\/foot-massage-2277450_640.jpg\">\n\n        <div class=\"nd_options_section nd_options_box_sizing_border_box\">\n            \n            <h3 class=\"nd_options_first_font nd_options_font_weight_bolder \" style=\"margin:10px 0px 0px 0px;color:#727475;font-size:25px;line-height:25px\">Fu\u00dfreflex<\/h3> \n            <p class=\"nd_options_second_font  \" style=\"margin:20px 0px;color:#a3a3a3;font-size:14px;line-height:24px\">Meine Ausbildung zur medizinischen Fusspflege absolvierte ich am Fusspflege-College in Dillingen.<\/p> \n            <a class=\"nd_options_first_font nd_options_display_inline_block \" style=\"font-size:13px;line-height:13px;border-radius:15px;border:1px solid #f1f1f1;background-color:;padding:8px 12px;color:#a3a3a3\" rel=\"\" href=\"https:\/\/elvira-kaselitz.de\/index.php\/fusreflex\/\">Mehr erfahren<\/a>\n\n        <\/div>\n\n    <\/div>\n\n  <div style=\"background-color:;height: 10px\" class=\"nicdark_section  \"><\/div>[\/vc_column][\/vc_row][vc_row css=&#8220;.vc_custom_1485535037496{margin-top: 50px !important;}&#8220;][vc_column width=&#8220;1\/3&#8243;]<div style=\"background-color:;height: 10px\" class=\"nicdark_section  \"><\/div>\n\n    <div class=\"nd_options_section  nd_options_text_align_left \">\n\n        <img decoding=\"async\" style=\"margin-top:px\" alt=\"\" width=\"250\" src=\"https:\/\/elvira-kaselitz.de\/wp-content\/uploads\/2018\/12\/XVDoVz3h5Y4LYjZorYIgXuC1KupD98GV9KlHS2fA3fITZDYFkG0_9KPsYHCC4keTsQRb-1RR6lxFPV1s5pXzCmMEwKJfltnLUEjYOAIFpLJYLxRPT_Hs-1_ceyRqpVP7tZ9f0hsQ.jpg\">\n\n        <div class=\"nd_options_section nd_options_box_sizing_border_box\">\n            \n            <h3 class=\"nd_options_first_font nd_options_font_weight_bolder \" style=\"margin:10px 0px 0px 0px;color:#727475;font-size:25px;line-height:25px\">Honigmassage<\/h3> \n            <p class=\"nd_options_second_font  \" style=\"margin:20px 0px;color:#a3a3a3;font-size:14px;line-height:24px\">Haupteffekt der Behandlung mit Honig ist die Ausleitung von Schadstoffen und Schlacken zum einen direkt \u00fcber die Haut, zum anderen \u00fcber die allgemeine Anregunung innerer Organe.<\/p> \n            <a class=\"nd_options_first_font nd_options_display_inline_block \" style=\"font-size:13px;line-height:13px;border-radius:15px;border:1px solid #f1f1f1;background-color:;padding:8px 12px;color:#a3a3a3\" rel=\"\" href=\"https:\/\/elvira-kaselitz.de\/index.php\/honigmassage\/\">Mehr erfahren<\/a>\n\n        <\/div>\n\n    <\/div>\n\n  <div style=\"background-color:;height: 10px\" class=\"nicdark_section  \"><\/div>[\/vc_column][vc_column width=&#8220;1\/3&#8243;]<div style=\"background-color:;height: 10px\" class=\"nicdark_section  \"><\/div>\n\n    <div class=\"nd_options_section  nd_options_text_align_left \">\n\n        <img decoding=\"async\" style=\"margin-top:px\" alt=\"\" width=\"250\" src=\"https:\/\/elvira-kaselitz.de\/wp-content\/uploads\/2018\/12\/massage-389716_640.jpg\">\n\n        <div class=\"nd_options_section nd_options_box_sizing_border_box\">\n            \n            <h3 class=\"nd_options_first_font nd_options_font_weight_bolder \" style=\"margin:10px 0px 0px 0px;color:;font-size:25px;line-height:25px\">R\u00fccken-Nacken-Schultermassage<\/h3> \n            <p class=\"nd_options_second_font  \" style=\"margin:20px 0px;color:#a3a3a3;font-size:14px;line-height:24px\">\u00dcber Ber\u00fchrung durch Massage, Shiatsu oder Reiki k\u00f6nnen alten Wunden heile, sich Verspannungen l\u00f6sen und neue Energien freigesetzt werden.<\/p> \n            <a class=\"nd_options_first_font nd_options_display_inline_block \" style=\"font-size:13px;line-height:13px;border-radius:15px;border:1px solid #f1f1f1;background-color:;padding:8px 12px;color:#a3a3a3\" rel=\"\" href=\"https:\/\/elvira-kaselitz.de\/index.php\/rucken-nacken-schultermassage\/\">Mehr erfahren<\/a>\n\n        <\/div>\n\n    <\/div>\n\n  <div style=\"background-color:;height: 10px\" class=\"nicdark_section  \"><\/div>[\/vc_column][vc_column width=&#8220;1\/3&#8243;]<div style=\"background-color:;height: 10px\" class=\"nicdark_section  \"><\/div>\n\n    <div class=\"nd_options_section  nd_options_text_align_left \">\n\n        <img decoding=\"async\" style=\"margin-top:px\" alt=\"\" width=\"250\" src=\"https:\/\/elvira-kaselitz.de\/wp-content\/uploads\/2018\/12\/lemon-906141_640-1.jpg\">\n\n        <div class=\"nd_options_section nd_options_box_sizing_border_box\">\n            \n            <h3 class=\"nd_options_first_font nd_options_font_weight_bolder \" style=\"margin:10px 0px 0px 0px;color:#727475;font-size:25px;line-height:25px\">Kr\u00e4uterstempelmassage<\/h3> \n            <p class=\"nd_options_second_font  \" style=\"margin:20px 0px;color:#a3a3a3;font-size:14px;line-height:24px\">Naturheikr\u00e4fte werden durch die Kr\u00e4uterstempelmassage sinnvoll eingesetzt, da die klassische Massage und Aromatherapie geschickt miteinander verbunden werden.<\/p> \n            <a class=\"nd_options_first_font nd_options_display_inline_block \" style=\"font-size:13px;line-height:13px;border-radius:15px;border:1px solid #f1f1f1;background-color:;padding:8px 12px;color:#a3a3a3\" rel=\"\" href=\"https:\/\/elvira-kaselitz.de\/index.php\/krauterstempelmassage\/\">Mehr erfahren<\/a>\n\n        <\/div>\n\n    <\/div>\n\n  <div style=\"background-color:;height: 10px\" class=\"nicdark_section  \"><\/div>[\/vc_column][\/vc_row][vc_row css=&#8220;.vc_custom_1485535048021{margin-top: 50px !important;}&#8220;][vc_column]<div style=\"background-color:#f1f1f1;height: 1px\" class=\"nicdark_section  \"><\/div>[\/vc_column][\/vc_row]<\/p>\n<\/div>","protected":false},"excerpt":{"rendered":"<p>[vc_row css=&#8220;.vc_custom_1485535037496{margin-top: 50px !important;}&#8220;][vc_column width=&#8220;1\/3&#8243;][\/vc_column][vc_column width=&#8220;1\/3&#8243;][\/vc_column][vc_column width=&#8220;1\/3&#8243;][\/vc_column][\/vc_row][vc_row css=&#8220;.vc_custom_1485535037496{margin-top: 50px !important;}&#8220;][vc_column width=&#8220;1\/3&#8243;][\/vc_column][vc_column width=&#8220;1\/3&#8243;][\/vc_column][vc_column width=&#8220;1\/3&#8243;][\/vc_column][\/vc_row][vc_row css=&#8220;.vc_custom_1485535048021{margin-top: 50px !important;}&#8220;][vc_column][\/vc_column][\/vc_row]<\/p>\n","protected":false},"author":1,"featured_media":0,"parent":0,"menu_order":0,"comment_status":"closed","ping_status":"closed","template":"","meta":{"footnotes":""},"class_list":["post-30","page","type-page","status-publish","hentry"],"_links":{"self":[{"href":"https:\/\/elvira-kaselitz.de\/index.php\/wp-json\/wp\/v2\/pages\/30","targetHints":{"allow":["GET"]}}],"collection":[{"href":"https:\/\/elvira-kaselitz.de\/index.php\/wp-json\/wp\/v2\/pages"}],"about":[{"href":"https:\/\/elvira-kaselitz.de\/index.php\/wp-json\/wp\/v2\/types\/page"}],"author":[{"embeddable":true,"href":"https:\/\/elvira-kaselitz.de\/index.php\/wp-json\/wp\/v2\/users\/1"}],"replies":[{"embeddable":true,"href":"https:\/\/elvira-kaselitz.de\/index.php\/wp-json\/wp\/v2\/comments?post=30"}],"version-history":[{"count":12,"href":"https:\/\/elvira-kaselitz.de\/index.php\/wp-json\/wp\/v2\/pages\/30\/revisions"}],"predecessor-version":[{"id":1481,"href":"https:\/\/elvira-kaselitz.de\/index.php\/wp-json\/wp\/v2\/pages\/30\/revisions\/1481"}],"wp:attachment":[{"href":"https:\/\/elvira-kaselitz.de\/index.php\/wp-json\/wp\/v2\/media?parent=30"}],"curies":[{"name":"wp","href":"https:\/\/api.w.org\/{rel}","templated":true}]}}