{"id":28,"date":"2017-01-24T16:05:52","date_gmt":"2017-01-24T16:05:52","guid":{"rendered":"http:\/\/www.nicdarkthemes.com\/themes\/beauty\/wp\/demo\/?page_id=28"},"modified":"2020-01-23T18:06:01","modified_gmt":"2020-01-23T17:06:01","slug":"uber-mich","status":"publish","type":"page","link":"https:\/\/elvira-kaselitz.de\/index.php\/uber-mich\/","title":{"rendered":"\u00dcber mich"},"content":{"rendered":"<div class=\"wpb-content-wrapper\"><p>[vc_row css=&#8220;.vc_custom_1484579625752{margin-top: 50px !important;}&#8220;][vc_column css=&#8220;.vc_custom_1467360650255{margin-top: 10px !important;margin-bottom: 10px !important;padding-top: 0px !important;padding-right: 40px !important;}&#8220;][vc_column_text el_class=&#8220;nd_options_text_align_center_responsive&#8220;]<b>Mein Studium zur ganzheitlichen Massagetherapeutin absolvierte ich in einer naturheitlichen Akademie f\u00fcr Psyche und Soma in Bonn. Im Jahr 2003 bekam ich nach einer sehr intensiven Ausbildung die Shiatsu, Ayurveda, Aromatherapie und Fussreflexmassagen beinhaltete, mein Diplom ausgeh\u00e4ndigt.<\/b><\/p>\n<p><b>Das Leben in unserer hochkomplexen Gesellschaft verleitet zur Vernachl\u00e4ssigung der nat\u00fcrlichen Lebensweise. Der aus dem Gleichgewicht geratene K\u00f6rper gelangt nicht wieder in seinen nat\u00fcrlichen Zustand, wenn nicht ein gesundheitsheitsf\u00f6rderndes Element hinzugenommen wird.<\/b><\/p>\n<p><span style=\"font-weight: 400;\">Meine Ausbildung zur medizinischen Fusspflege absolvierte ich am Fusspflege-College in Dillingen.<\/span><\/p>\n<p><span style=\"font-weight: 400;\">Nach erfolgreichem Abschluss mit Zusatzqualifikationen in<\/span><\/p>\n<p><span style=\"font-weight: 400;\">diabetischer Fuss<\/span><\/p>\n<p><span style=\"font-weight: 400;\">Spangen und Nagelprotetik<\/span><\/p>\n<p><span style=\"font-weight: 400;\">Fussreflexmassage<\/span><\/p>\n<p><span style=\"font-weight: 400;\">habe ich sofort in einem Pflegeheim meine Arbeit anwenden k\u00f6nnen und viele bed\u00fcrftige F\u00fcsse behandelt. Ebenso war ich mobil im Einsatz.<\/span><\/p>\n<p><span style=\"font-weight: 400;\">Mein Bestreben war und ist es, F\u00fcsse von Schmerzen zu befreien und sie so lange wie m\u00f6glich beschwerdefrei und fit zu halten.<\/span><\/p>\n<p><span style=\"font-weight: 400;\">Seit September 2018 bin ich nun auch in eigener Praxis t\u00e4tig und kann ihre F\u00fcsse noch in optischer Hinsicht versch\u00f6nern.<\/span><\/p>\n<p><span style=\"font-weight: 400;\">In medizinischer als auch in kosmetischer Hinsicht werde ich mich um ihre F\u00fcsse bem\u00fchen.<\/span><\/p>\n<p><span style=\"font-weight: 400;\">Die Behandlung findet in einer Praxis auf neuestem Standart und h\u00f6chstm\u00f6glicher Hygiene statt. Alle Instrumente werden desinfiziert und sterillisiert. Nach jeder Behandlung findet eine Fl\u00e4chendesinfektion statt (Fussbecken, Behandlungsstuhl, Handst\u00fcck,ec.) Nur unter diesen Voraussetzungen kann eine perfekte und fachgerechte Fusspflege stattfinden.<\/span><\/p>\n<p><span style=\"font-weight: 400;\">Vor jeder Behandlung erwartet sie ein Fussbad mit hochwertigen Zus\u00e4tzen und zum Abschluss eine angenehme Fussmassage.<\/span><\/p>\n<p><span style=\"font-weight: 400;\">Wie es der Name verspricht, m\u00f6chte ich Ihre F\u00fcsse fachgerecht behandeln. Gesunde und gepflegte F\u00fcsse brauchen kein Luxus zu sein, sondern sind eine Notwendigkeit bei angemessenen Preisen. Nur gesunde F\u00fcsse tragen entscheidend zur Gesunderhaltung und zum Wohlbefinden Ihres K\u00f6rpers (Person) bei.<\/span><\/p>\n<p><span style=\"font-weight: 400;\">Zudem berate ich Sie zur Pflegeberatung von Pflegeprodukten von f\u00fchrenden Herstellern wie<\/span><\/p>\n<p><span style=\"font-weight: 400;\">Allpresan, Gewol, Peclavus, Pedibaehr<\/span><\/p>\n<p><span style=\"font-weight: 400;\">, welche Sie \u00a0selbstverst\u00e4ndlich in grosser Auswahl in meiner Praxis finden.<\/span>[\/vc_column_text][vc_single_image image=&#8220;1056&#8243; img_size=&#8220;full&#8220;][\/vc_column][\/vc_row]<\/p>\n<\/div>","protected":false},"excerpt":{"rendered":"<p>[vc_row css=&#8220;.vc_custom_1484579625752{margin-top: 50px !important;}&#8220;][vc_column css=&#8220;.vc_custom_1467360650255{margin-top: 10px !important;margin-bottom: 10px !important;padding-top: 0px !important;padding-right: 40px !important;}&#8220;][vc_column_text el_class=&#8220;nd_options_text_align_center_responsive&#8220;]Mein Studium zur ganzheitlichen Massagetherapeutin absolvierte ich in einer naturheitlichen Akademie f\u00fcr Psyche und Soma in Bonn. Im Jahr 2003 bekam ich nach einer sehr intensiven Ausbildung die Shiatsu, Ayurveda, Aromatherapie und Fussreflexmassagen beinhaltete, mein Diplom ausgeh\u00e4ndigt. Das Leben in unserer hochkomplexen [&hellip;]<\/p>\n","protected":false},"author":1,"featured_media":0,"parent":0,"menu_order":0,"comment_status":"closed","ping_status":"closed","template":"","meta":{"footnotes":""},"class_list":["post-28","page","type-page","status-publish","hentry"],"_links":{"self":[{"href":"https:\/\/elvira-kaselitz.de\/index.php\/wp-json\/wp\/v2\/pages\/28","targetHints":{"allow":["GET"]}}],"collection":[{"href":"https:\/\/elvira-kaselitz.de\/index.php\/wp-json\/wp\/v2\/pages"}],"about":[{"href":"https:\/\/elvira-kaselitz.de\/index.php\/wp-json\/wp\/v2\/types\/page"}],"author":[{"embeddable":true,"href":"https:\/\/elvira-kaselitz.de\/index.php\/wp-json\/wp\/v2\/users\/1"}],"replies":[{"embeddable":true,"href":"https:\/\/elvira-kaselitz.de\/index.php\/wp-json\/wp\/v2\/comments?post=28"}],"version-history":[{"count":15,"href":"https:\/\/elvira-kaselitz.de\/index.php\/wp-json\/wp\/v2\/pages\/28\/revisions"}],"predecessor-version":[{"id":1453,"href":"https:\/\/elvira-kaselitz.de\/index.php\/wp-json\/wp\/v2\/pages\/28\/revisions\/1453"}],"wp:attachment":[{"href":"https:\/\/elvira-kaselitz.de\/index.php\/wp-json\/wp\/v2\/media?parent=28"}],"curies":[{"name":"wp","href":"https:\/\/api.w.org\/{rel}","templated":true}]}}