{"id":1317,"date":"2018-12-04T23:15:58","date_gmt":"2018-12-04T22:15:58","guid":{"rendered":"https:\/\/elvira-kaselitz.de\/?page_id=1317"},"modified":"2018-12-07T10:24:14","modified_gmt":"2018-12-07T09:24:14","slug":"impressum","status":"publish","type":"page","link":"https:\/\/elvira-kaselitz.de\/index.php\/impressum\/","title":{"rendered":"Impressum"},"content":{"rendered":"<div class=\"wpb-content-wrapper\"><p>[vc_row][vc_column][vc_column_text]<\/p>\n<p style=\"text-align: left; padding-left: 90px;\">Diplom Massagetherapeutin Elvira Kaselitz<br \/>\nBr\u00fchlstra\u00dfe 14<br \/>\n73326 Deggingen<br \/>\nTel: 07334 &#8211; 959811<br \/>\nMail:\u00a0<a href=\"mailto:kontakt@elvira-kaselitz.de\">kontakt@elvira-kaselitz.de<\/a><\/p>\n<p style=\"text-align: left; padding-left: 90px;\"><u>Vorsorglich :<\/u>\u00a0Bei den Behandlungen gleich welcher Art in meiner R\u00e4umlichkeiten oder in den R\u00e4umlichkeiten meiner Kundschaft handelt es sich in keiner Form um \u00a0erotische Massagen oder dergleichen! Bei jeder Anwendung bleibt der Intimbereich unber\u00fchrt. Ich bitte daher h\u00f6flichst auch von derartigen Anfragen Abstand zu nehmen.<br \/>\nVielen Dank f\u00fcr Ihr Verst\u00e4ndnis&#8230;.<br \/>\nIhre<br \/>\nElvira Kaselitz<\/p>\n<p style=\"text-align: left; padding-left: 90px;\"><u>Rechtlicher Hinweis :<\/u>\u00a0\u00a0Die\u00a0T\u00e4tigkeit beinhaltet\u00a0keine Heilkunde,\u00a0eine \u00e4rztliche Behandlung wird dadurch nicht ersetzt.<\/p>\n<p style=\"text-align: left; padding-left: 90px;\">Gesetz:<\/p>\n<p style=\"text-align: left; padding-left: 90px;\">Ich bin bem\u00fcht, auf meiner Website stets richtige und aktuelle Informationen bereitzustellen zu \u00e4ndern oder zu erg\u00e4nzen dies bei Bedarf laufend ohne vorherige Ank\u00fcndigung. Dennoch muss ich f\u00fcr Korrektheit, Aktualit\u00e4t und Vollst\u00e4ndigkeit jegliche Gew\u00e4hr, Haftung oder Garantie ausschlie\u00dfen.<\/p>\n<p style=\"text-align: left; padding-left: 90px;\">Alle Rechte vorbehalten.<br \/>\nDie auf der Website verwendeten Texte, Bilder, Grafiken, Dateien usw. unterliegen dem Urheberrecht und anderen Gesetzen zum Schutz des geistigen Eigentums. Ihre Weitergabe, Ver\u00e4nderung, gewerbliche Nutzung oder Verwendung in anderen Websites oder Medien ist nicht gestattet. Hinweis gem\u00e4\u00df Teledienstgesetz: F\u00fcr Websites Dritter, auf die der Herausgeber durch sogenannte Links verweist, tragen die jeweiligen Anbieter die Verantwortung. Der Herausgeber ist f\u00fcr den Inhalt solcher Sites Dritter nicht verantwortlich.<br \/>\nDes weiteren kann die Website des Herausgebers ohne dessen Wissen von anderen Websites mittels sogenannter Links angelinkt werden. Der Herausgeber \u00fcbernimmt keine Verantwortung f\u00fcr Darstellungen, Inhalt oder irgendeine Verbindung zur Parteigliederung des Herausgebers in Websites Dritter. F\u00fcr fremde Inhalte ist der Herausgeber nur dann verantwortlich, wenn er von ihnen (d.h. auch von einem rechtswidrigen oder strafbaren Inhalt) positive Kenntnis hat und es dem Herausgeber technisch m\u00f6glich und zumutbar ist, deren Nutzung zu verhindern.<\/p>\n<p style=\"text-align: left; padding-left: 90px;\">Der Herausgeber ist nach dem Teledienstgesetz jedoch nicht verpflichtet, die fremden Inhalte st\u00e4ndig zu \u00fcberpr\u00fcfen.<br \/>\nS\u00e4mtliche Inhalte oder Fotos unterliegen dem Urheberrecht, jegliche Nutzung ist STRIKT untersagt!<\/p>\n<p style=\"text-align: left; padding-left: 90px;\">Vielen Dank<\/p>\n<p style=\"text-align: left; padding-left: 90px;\">Als Service f\u00fcr Sie:<\/p>\n<p style=\"text-align: left; padding-left: 90px;\">Der Routenplaner auf www.elvira-kaselitz.de. Nutzen Sie einfach und bequem diesen Service f\u00fcr Ihren Weg in meine Praxis.<\/p>\n<p>[\/vc_column_text][\/vc_column][\/vc_row]<\/p>\n<\/div>","protected":false},"excerpt":{"rendered":"<p>[vc_row][vc_column][vc_column_text] Diplom Massagetherapeutin Elvira Kaselitz Br\u00fchlstra\u00dfe 14 73326 Deggingen Tel: 07334 &#8211; 959811 Mail:\u00a0kontakt@elvira-kaselitz.de Vorsorglich :\u00a0Bei den Behandlungen gleich welcher Art in meiner R\u00e4umlichkeiten oder in den R\u00e4umlichkeiten meiner Kundschaft handelt es sich in keiner Form um \u00a0erotische Massagen oder dergleichen! Bei jeder Anwendung bleibt der Intimbereich unber\u00fchrt. Ich bitte daher h\u00f6flichst auch von derartigen [&hellip;]<\/p>\n","protected":false},"author":1,"featured_media":0,"parent":0,"menu_order":0,"comment_status":"closed","ping_status":"closed","template":"","meta":{"footnotes":""},"class_list":["post-1317","page","type-page","status-publish","hentry"],"_links":{"self":[{"href":"https:\/\/elvira-kaselitz.de\/index.php\/wp-json\/wp\/v2\/pages\/1317","targetHints":{"allow":["GET"]}}],"collection":[{"href":"https:\/\/elvira-kaselitz.de\/index.php\/wp-json\/wp\/v2\/pages"}],"about":[{"href":"https:\/\/elvira-kaselitz.de\/index.php\/wp-json\/wp\/v2\/types\/page"}],"author":[{"embeddable":true,"href":"https:\/\/elvira-kaselitz.de\/index.php\/wp-json\/wp\/v2\/users\/1"}],"replies":[{"embeddable":true,"href":"https:\/\/elvira-kaselitz.de\/index.php\/wp-json\/wp\/v2\/comments?post=1317"}],"version-history":[{"count":2,"href":"https:\/\/elvira-kaselitz.de\/index.php\/wp-json\/wp\/v2\/pages\/1317\/revisions"}],"predecessor-version":[{"id":1381,"href":"https:\/\/elvira-kaselitz.de\/index.php\/wp-json\/wp\/v2\/pages\/1317\/revisions\/1381"}],"wp:attachment":[{"href":"https:\/\/elvira-kaselitz.de\/index.php\/wp-json\/wp\/v2\/media?parent=1317"}],"curies":[{"name":"wp","href":"https:\/\/api.w.org\/{rel}","templated":true}]}}