{"id":1316,"date":"2018-12-04T22:48:25","date_gmt":"2018-12-04T21:48:25","guid":{"rendered":"https:\/\/elvira-kaselitz.de\/?page_id=1316"},"modified":"2018-12-07T11:07:27","modified_gmt":"2018-12-07T10:07:27","slug":"krauterstempelmassage","status":"publish","type":"page","link":"https:\/\/elvira-kaselitz.de\/index.php\/krauterstempelmassage\/","title":{"rendered":"Kr\u00e4uterstempelmassage"},"content":{"rendered":"<div class=\"wpb-content-wrapper\"><p>[vc_row][vc_column width=&#8220;1\/2&#8243;][vc_empty_space height=&#8220;60px&#8220;][vc_single_image image=&#8220;1399&#8243; img_size=&#8220;full&#8220; alignment=&#8220;center&#8220;][\/vc_column][vc_column width=&#8220;1\/2&#8243;][vc_column_text]<\/p>\n<div style=\"text-align: center;\"><strong><span style=\"font-family: 'Times New Roman', serif;\">Gesundheit ist die erste Plicht im Leben,<\/span><\/strong><\/div>\n<div style=\"text-align: center;\"><strong><span style=\"font-family: 'Times New Roman', serif;\">wusste auch schon Oscar Wide.<\/span><\/strong><\/div>\n<div><span style=\"font-family: 'Times New Roman', serif;\"><b>\u00a0<\/b><\/span><\/div>\n<div><span style=\"font-family: 'Times New Roman', serif;\">\u00a0<\/span><\/div>\n<div><span style=\"font-family: 'Times New Roman', serif;\">\u00a0<\/span><\/div>\n<div><span style=\"font-family: 'Times New Roman', serif;\">Oft steht die Gesundheit des K\u00f6rpers in direkter Verbindung mit dem Wohlbefinden der Seele.<\/span><\/div>\n<div><span style=\"font-family: 'Times New Roman', serif;\">Eine erfolgversprechende Therapie sowohl f\u00fcr K\u00f6rper als auch Seele sind Kr\u00e4uterstempelmassagen.<\/span><\/div>\n<div><span style=\"font-family: 'Times New Roman', serif;\">\u00a0<\/span><\/div>\n<div><span style=\"font-family: 'Times New Roman', serif;\">Naturheikr\u00e4fte werden durch die Kr\u00e4uterstempelmassage sinnvoll eingesetzt, da die klassische Massage und Aromatherapie geschickt miteinander verbunden werden.<\/span><\/div>\n<div><span style=\"font-family: 'Times New Roman', serif;\">\u00a0<\/span><\/div>\n<div><span style=\"font-family: 'Times New Roman', serif;\">Diese Behandlung besitzt einen gesundheitlichen Mehrwehrt, sie hilft bei Verspannungen und Infektionen der oberen Luftwege und ist als Ganzk\u00f6rpermassage 90 Minuten lang, pure Entspannung.<\/span><\/div>\n<div><span style=\"font-family: 'Times New Roman', serif;\">\u00a0<\/span><\/div>\n<div><span style=\"font-family: 'Times New Roman', serif;\">Es wird mit einer Salz-\u00d6l-Massage begonnen, bevor die eigentliche Kr\u00e4uterstempelmassage zum Einsatz kommt. Die vorbereiteten Kr\u00e4uterstempel werden befeuchtet und in einem Dampfger\u00e4t auf etwa 90 Grad<\/span><\/div>\n<div><span style=\"font-family: 'Times New Roman', serif;\">erhitzt, dann der K\u00f6rper in zuerst klopfenden und anschlie\u00dfend kreisenden und flie\u00dfenden Bewegungen behandelt. Der gesamte Stoffwechsel wird \u00fcber die so entstehenden Reize stark angeregt.<\/span><\/div>\n<div><span style=\"font-family: 'Times New Roman', serif;\">Die Haut wird so von abgestorbenen Hautsch\u00fcppchen befreit und die gespendete Feuchtigkeit eingelagert.<\/span><\/div>\n<div><span style=\"font-family: 'Times New Roman', serif;\">\u00a0<\/span><\/div>\n<div><span style=\"font-family: 'Times New Roman', serif;\">Neben der antiseptischen und antitoxischen Wirkung, f\u00fchlt sich die Haut gleich ges\u00fcnder und straffer an<\/span><\/div>\n<div><span style=\"font-family: 'Times New Roman', serif;\">und man kann so von einem Anti-Agin-Effekt sprechen.<\/span><\/div>\n<div><span style=\"font-family: 'Times New Roman', serif;\">\u00a0<\/span><\/div>\n<div><span style=\"font-family: 'Times New Roman', serif;\">Die Kr\u00e4uterstempel beinhalten eine Zw\u00f6lf-Kr\u00e4uter-Mischung:<\/span><\/div>\n<div><span style=\"font-family: 'Times New Roman', serif;\">\u00a0<\/span><\/div>\n<div><span style=\"font-family: 'Times New Roman', serif;\">Birkenbl\u00e4tter, Bohnenkraut, Boretschkraut, G\u00e4nsefingerkraut,Himbeerbl\u00e4tter, Hopfenbl\u00fcten, Huflattichbl\u00e4tter, Kerbelkraut, Lavendelbl\u00fcten, Melissenbl\u00e4tter, Rosmarin und Schachtelhalm.<\/span><\/div>\n<div><span style=\"font-family: 'Times New Roman', serif;\">\u00a0<\/span><\/div>\n<div><span style=\"font-family: 'Times New Roman', serif;\">Die Kr\u00e4uter besitzen krampfl\u00f6sende, entz\u00fcndungshemmende, beruhigende, entschlackende und durchblutungsf\u00f6rdernde Wirkungen.<\/span><\/div>\n<p>[\/vc_column_text][\/vc_column][\/vc_row]<\/p>\n<\/div>","protected":false},"excerpt":{"rendered":"<p>[vc_row][vc_column width=&#8220;1\/2&#8243;][vc_empty_space height=&#8220;60px&#8220;][vc_single_image image=&#8220;1399&#8243; img_size=&#8220;full&#8220; alignment=&#8220;center&#8220;][\/vc_column][vc_column width=&#8220;1\/2&#8243;][vc_column_text] Gesundheit ist die erste Plicht im Leben, wusste auch schon Oscar Wide. \u00a0 \u00a0 \u00a0 Oft steht die Gesundheit des K\u00f6rpers in direkter Verbindung mit dem Wohlbefinden der Seele. Eine erfolgversprechende Therapie sowohl f\u00fcr K\u00f6rper als auch Seele sind Kr\u00e4uterstempelmassagen. \u00a0 Naturheikr\u00e4fte werden durch die Kr\u00e4uterstempelmassage sinnvoll eingesetzt, [&hellip;]<\/p>\n","protected":false},"author":1,"featured_media":0,"parent":0,"menu_order":0,"comment_status":"closed","ping_status":"closed","template":"","meta":{"footnotes":""},"class_list":["post-1316","page","type-page","status-publish","hentry"],"_links":{"self":[{"href":"https:\/\/elvira-kaselitz.de\/index.php\/wp-json\/wp\/v2\/pages\/1316","targetHints":{"allow":["GET"]}}],"collection":[{"href":"https:\/\/elvira-kaselitz.de\/index.php\/wp-json\/wp\/v2\/pages"}],"about":[{"href":"https:\/\/elvira-kaselitz.de\/index.php\/wp-json\/wp\/v2\/types\/page"}],"author":[{"embeddable":true,"href":"https:\/\/elvira-kaselitz.de\/index.php\/wp-json\/wp\/v2\/users\/1"}],"replies":[{"embeddable":true,"href":"https:\/\/elvira-kaselitz.de\/index.php\/wp-json\/wp\/v2\/comments?post=1316"}],"version-history":[{"count":2,"href":"https:\/\/elvira-kaselitz.de\/index.php\/wp-json\/wp\/v2\/pages\/1316\/revisions"}],"predecessor-version":[{"id":1400,"href":"https:\/\/elvira-kaselitz.de\/index.php\/wp-json\/wp\/v2\/pages\/1316\/revisions\/1400"}],"wp:attachment":[{"href":"https:\/\/elvira-kaselitz.de\/index.php\/wp-json\/wp\/v2\/media?parent=1316"}],"curies":[{"name":"wp","href":"https:\/\/api.w.org\/{rel}","templated":true}]}}