{"id":1315,"date":"2018-12-04T22:45:56","date_gmt":"2018-12-04T21:45:56","guid":{"rendered":"https:\/\/elvira-kaselitz.de\/?page_id=1315"},"modified":"2018-12-31T16:06:15","modified_gmt":"2018-12-31T15:06:15","slug":"rucken-nacken-schultermassage","status":"publish","type":"page","link":"https:\/\/elvira-kaselitz.de\/index.php\/rucken-nacken-schultermassage\/","title":{"rendered":"R\u00fccken-Nacken-Schultermassage"},"content":{"rendered":"<div class=\"wpb-content-wrapper\"><p>[vc_row][vc_column width=&#8220;1\/2&#8243;][vc_empty_space height=&#8220;60px&#8220;][vc_single_image image=&#8220;1319&#8243; img_size=&#8220;full&#8220; alignment=&#8220;center&#8220;][\/vc_column][vc_column width=&#8220;1\/2&#8243;][vc_column_text]<\/p>\n<div style=\"text-align: center;\"><strong>Ihr K\u00f6rper hat Selbstheilungswissen<\/strong><\/div>\n<p>Jede Erfahrung, die Sie ber\u00fchrt, zeigt sich in Ihrem K\u00f6rper, manchmal unsichtbar, manchmal ganz deutlich. Das gilt sowohl f\u00fcr angenehme als auch f\u00fcr schmerzhafte Erlebnisse.\u00a0Verspannungen und Blockaden bauen sich in bestimmten Lebenssituationen auf. Der Stress, die Wut, die Trauer und die Angst, die uns die Z\u00e4hne zusammenbei\u00dfen, den Bauch angespannt oder den R\u00fccken versteifen lassen, sind in unserem K\u00f6rper eingekapselt. \u00dcber Ber\u00fchrung durch Massage, Shiatsu oder Reiki k\u00f6nnen diese alten Wunden heilen, k\u00f6nnen sich Verspannungen l\u00f6sen und neue Energien freigesetzt werden.<\/p>\n<p>Eine R\u00fcckenmassage wird mit einem \u00d6l aus Heilkr\u00e4utern, das tief in die Haut-und Muskelschichten einzieht, massiert. So werden oft Schmerzen und Verspannungen schnell beseitigt.<\/p>\n<p>[\/vc_column_text][\/vc_column][\/vc_row]<\/p>\n<\/div>","protected":false},"excerpt":{"rendered":"<p>[vc_row][vc_column width=&#8220;1\/2&#8243;][vc_empty_space height=&#8220;60px&#8220;][vc_single_image image=&#8220;1319&#8243; img_size=&#8220;full&#8220; alignment=&#8220;center&#8220;][\/vc_column][vc_column width=&#8220;1\/2&#8243;][vc_column_text] Ihr K\u00f6rper hat Selbstheilungswissen Jede Erfahrung, die Sie ber\u00fchrt, zeigt sich in Ihrem K\u00f6rper, manchmal unsichtbar, manchmal ganz deutlich. Das gilt sowohl f\u00fcr angenehme als auch f\u00fcr schmerzhafte Erlebnisse.\u00a0Verspannungen und Blockaden bauen sich in bestimmten Lebenssituationen auf. Der Stress, die Wut, die Trauer und die Angst, die uns [&hellip;]<\/p>\n","protected":false},"author":1,"featured_media":0,"parent":0,"menu_order":0,"comment_status":"closed","ping_status":"closed","template":"","meta":{"footnotes":""},"class_list":["post-1315","page","type-page","status-publish","hentry"],"_links":{"self":[{"href":"https:\/\/elvira-kaselitz.de\/index.php\/wp-json\/wp\/v2\/pages\/1315","targetHints":{"allow":["GET"]}}],"collection":[{"href":"https:\/\/elvira-kaselitz.de\/index.php\/wp-json\/wp\/v2\/pages"}],"about":[{"href":"https:\/\/elvira-kaselitz.de\/index.php\/wp-json\/wp\/v2\/types\/page"}],"author":[{"embeddable":true,"href":"https:\/\/elvira-kaselitz.de\/index.php\/wp-json\/wp\/v2\/users\/1"}],"replies":[{"embeddable":true,"href":"https:\/\/elvira-kaselitz.de\/index.php\/wp-json\/wp\/v2\/comments?post=1315"}],"version-history":[{"count":2,"href":"https:\/\/elvira-kaselitz.de\/index.php\/wp-json\/wp\/v2\/pages\/1315\/revisions"}],"predecessor-version":[{"id":1435,"href":"https:\/\/elvira-kaselitz.de\/index.php\/wp-json\/wp\/v2\/pages\/1315\/revisions\/1435"}],"wp:attachment":[{"href":"https:\/\/elvira-kaselitz.de\/index.php\/wp-json\/wp\/v2\/media?parent=1315"}],"curies":[{"name":"wp","href":"https:\/\/api.w.org\/{rel}","templated":true}]}}