{"id":1304,"date":"2018-12-04T22:36:12","date_gmt":"2018-12-04T21:36:12","guid":{"rendered":"https:\/\/elvira-kaselitz.de\/?page_id=1304"},"modified":"2018-12-07T10:34:46","modified_gmt":"2018-12-07T09:34:46","slug":"teilkorpermassage","status":"publish","type":"page","link":"https:\/\/elvira-kaselitz.de\/index.php\/teilkorpermassage\/","title":{"rendered":"Teilk\u00f6rpermassage"},"content":{"rendered":"<div class=\"wpb-content-wrapper\"><p>[vc_row][vc_column width=&#8220;1\/2&#8243;][vc_empty_space height=&#8220;50px&#8220;][vc_single_image image=&#8220;1309&#8243; img_size=&#8220;full&#8220; alignment=&#8220;center&#8220;][\/vc_column][vc_column width=&#8220;1\/2&#8243;][vc_empty_space height=&#8220;50px&#8220;][vc_column_text]<span style=\"font-weight: 400;\">Bei der Teilk\u00f6rper &#8211; Massage widmen wir uns einem bestimmten K\u00f6rperteil, um beispielsweise muskul\u00e4re Verspannungen oder Verh\u00e4rtungen zu lockern oder um Ihnen nach einem anstrengenden Tag zu mehr Ruhe und Entspannung zu verhelfen. <\/span><\/p>\n<p><span style=\"font-weight: 400;\">Die <\/span><b>Massage des Schulter-, Nacken- und R\u00fcckenbereichs<\/b><span style=\"font-weight: 400;\"> ist die wohl bekannteste und am h\u00e4ufigsten gew\u00fcnschte Teilk\u00f6rper-Massage. Denn durch falsche Haltung und zu h\u00e4ufiges und langes Sitzen kommt es hier oft zu schmerzenden Muskelverh\u00e4rtungen, die man mit einer Massage gut lockern kann. <\/span>[\/vc_column_text][\/vc_column][\/vc_row]<\/p>\n<\/div>","protected":false},"excerpt":{"rendered":"<p>[vc_row][vc_column width=&#8220;1\/2&#8243;][vc_empty_space height=&#8220;50px&#8220;][vc_single_image image=&#8220;1309&#8243; img_size=&#8220;full&#8220; alignment=&#8220;center&#8220;][\/vc_column][vc_column width=&#8220;1\/2&#8243;][vc_empty_space height=&#8220;50px&#8220;][vc_column_text]Bei der Teilk\u00f6rper &#8211; Massage widmen wir uns einem bestimmten K\u00f6rperteil, um beispielsweise muskul\u00e4re Verspannungen oder Verh\u00e4rtungen zu lockern oder um Ihnen nach einem anstrengenden Tag zu mehr Ruhe und Entspannung zu verhelfen. Die Massage des Schulter-, Nacken- und R\u00fcckenbereichs ist die wohl bekannteste und am h\u00e4ufigsten gew\u00fcnschte [&hellip;]<\/p>\n","protected":false},"author":1,"featured_media":0,"parent":0,"menu_order":0,"comment_status":"closed","ping_status":"closed","template":"","meta":{"footnotes":""},"class_list":["post-1304","page","type-page","status-publish","hentry"],"_links":{"self":[{"href":"https:\/\/elvira-kaselitz.de\/index.php\/wp-json\/wp\/v2\/pages\/1304","targetHints":{"allow":["GET"]}}],"collection":[{"href":"https:\/\/elvira-kaselitz.de\/index.php\/wp-json\/wp\/v2\/pages"}],"about":[{"href":"https:\/\/elvira-kaselitz.de\/index.php\/wp-json\/wp\/v2\/types\/page"}],"author":[{"embeddable":true,"href":"https:\/\/elvira-kaselitz.de\/index.php\/wp-json\/wp\/v2\/users\/1"}],"replies":[{"embeddable":true,"href":"https:\/\/elvira-kaselitz.de\/index.php\/wp-json\/wp\/v2\/comments?post=1304"}],"version-history":[{"count":2,"href":"https:\/\/elvira-kaselitz.de\/index.php\/wp-json\/wp\/v2\/pages\/1304\/revisions"}],"predecessor-version":[{"id":1387,"href":"https:\/\/elvira-kaselitz.de\/index.php\/wp-json\/wp\/v2\/pages\/1304\/revisions\/1387"}],"wp:attachment":[{"href":"https:\/\/elvira-kaselitz.de\/index.php\/wp-json\/wp\/v2\/media?parent=1304"}],"curies":[{"name":"wp","href":"https:\/\/api.w.org\/{rel}","templated":true}]}}