{"id":1303,"date":"2018-12-04T22:40:00","date_gmt":"2018-12-04T21:40:00","guid":{"rendered":"https:\/\/elvira-kaselitz.de\/?page_id=1303"},"modified":"2018-12-04T22:40:00","modified_gmt":"2018-12-04T21:40:00","slug":"honigmassage","status":"publish","type":"page","link":"https:\/\/elvira-kaselitz.de\/index.php\/honigmassage\/","title":{"rendered":"Honigmassage"},"content":{"rendered":"<div class=\"wpb-content-wrapper\"><p>[vc_row][vc_column width=&#8220;1\/2&#8243;][vc_empty_space height=&#8220;40px&#8220;][vc_single_image image=&#8220;1313&#8243; img_size=&#8220;full&#8220; alignment=&#8220;center&#8220;][\/vc_column][vc_column width=&#8220;1\/2&#8243;][vc_column_text]Honig besteht aus etwa 75 Prozent Zucker, 20 Prozent Wasser und einer Vielzahl von Enzymen, Vitaminen und Mineralstoffen, die f\u00fcr die Honigmassage von besonderer Bedeutung sind. Haupteffekt der Behandlung mit Honig ist die Ausleitung von Schadstoffen und Schlacken zum einen direkt \u00fcber die Haut, zum anderen \u00fcber die allgemeine Anregunung innerer Organe, deren Hauptaufgabe die Entgiftung ist.<\/p>\n<p>Dieses Naturheilverfahren aus den Erkenntnissen der tibetisch-chinesischen Medizin und der russischen Volksheilkunde dient nicht nur der Steigerung der k\u00f6rpereigenen Selbstheilungskr\u00e4fte, sondern ist auch eine ideale Methode zur Verbesserung der Leistungsf\u00e4higkeit und des Allgemeinbefindens<\/p>\n<p>Die Selbstheilungskraft unseres K\u00f6rpers wird h\u00e4ufig untersch\u00e4tzt: oft braucht es nur einen kleinen Ansto\u00df, um unseren Organismus in Richtung Gesundheit umzupolen und um die Energien, die in uns flie\u00dfen, wieder zu harmonisieren. Durch die Honigmassage k\u00f6nnen nicht nur die Schmerzen und Beschwerden abklingen, auch das Immunsystem wird gest\u00e4rkt. Es lohnt sich, bei Beschwerden, die jedem Behandlungsversuch trotzen,einmal die Honigmassage einzusetzen<\/p>\n<p>Die Wirkungsweise der Honigmassage kommt auf reflektorischem Wege durch Verbesserung der T\u00e4tigkeit der K\u00f6rperorgane und auf Grund der Inhaltstoffe des Honig zustande<\/p>\n<p>Honig ist ein seltenes Produkt der Natur. Er enth\u00e4lt so wertvolle Stoffe wie Gelee Royale &#8211; den Futtersaft der Bienenk\u00f6igin-, aber auch viele Vitamine und Mineralstoffe. Wobei der dunkle Honig nach neuen Erkenntnissen\u00a0 ges\u00fcnder sein soll. So fander Wissenschaftler heraus, dass der Anteil der Radikale-Hemmer, der sogenannten Antioxidanzien, von der Farbe des Honigs abh\u00e4ngig ist<\/p>\n<p>Die Honigmassage erzeugt \u00fcber die Haut eine intensive Reizung des Gewebes. Die Durchblutung wird kr\u00e4ftig angeregt, dadurch k\u00f6nnen sich erkrankte Bezirke regenerieren und Schmerzen abklingen.<\/p>\n<p>Das Allgemeinbefinden kann sich verbessern, weil der Organismus eine Entgiftung erf\u00e4hrt.<\/p>\n<p align=\"left\">INDIKATIONEN:<\/p>\n<ul>\n<li value=\"0\">\n<div>Tastbare Tonus-und Konsistenzver\u00e4nderungen der Muskulatur<\/div>\n<\/li>\n<li value=\"0\">\n<div>Hartspann und Myogelosen im Muskelverlauf<\/div>\n<\/li>\n<li value=\"0\">\n<div>Verminderung der Verschieblichkeit der Hautschichten!!<\/div>\n<\/li>\n<li value=\"0\">\n<div>Periphere Stauungen<\/div>\n<\/li>\n<li value=\"0\">\n<div>Lokale Stoffwechselst\u00f6rungen!!<\/div>\n<\/li>\n<li value=\"0\">\n<div>Narben<\/div>\n<\/li>\n<li value=\"0\">\n<div>L\u00e4hmungen<\/div>\n<\/li>\n<li value=\"0\">\n<div>Funktionelle Darmst\u00f6rungen<\/div>\n<\/li>\n<li value=\"0\">Chronische\u00a0Schmerzzust\u00e4nde<\/li>\n<\/ul>\n<p>[\/vc_column_text][\/vc_column][\/vc_row]<\/p>\n<\/div>","protected":false},"excerpt":{"rendered":"<p>[vc_row][vc_column width=&#8220;1\/2&#8243;][vc_empty_space height=&#8220;40px&#8220;][vc_single_image image=&#8220;1313&#8243; img_size=&#8220;full&#8220; alignment=&#8220;center&#8220;][\/vc_column][vc_column width=&#8220;1\/2&#8243;][vc_column_text]Honig besteht aus etwa 75 Prozent Zucker, 20 Prozent Wasser und einer Vielzahl von Enzymen, Vitaminen und Mineralstoffen, die f\u00fcr die Honigmassage von besonderer Bedeutung sind. Haupteffekt der Behandlung mit Honig ist die Ausleitung von Schadstoffen und Schlacken zum einen direkt \u00fcber die Haut, zum anderen \u00fcber die allgemeine [&hellip;]<\/p>\n","protected":false},"author":1,"featured_media":0,"parent":0,"menu_order":0,"comment_status":"closed","ping_status":"closed","template":"","meta":{"footnotes":""},"class_list":["post-1303","page","type-page","status-publish","hentry"],"_links":{"self":[{"href":"https:\/\/elvira-kaselitz.de\/index.php\/wp-json\/wp\/v2\/pages\/1303","targetHints":{"allow":["GET"]}}],"collection":[{"href":"https:\/\/elvira-kaselitz.de\/index.php\/wp-json\/wp\/v2\/pages"}],"about":[{"href":"https:\/\/elvira-kaselitz.de\/index.php\/wp-json\/wp\/v2\/types\/page"}],"author":[{"embeddable":true,"href":"https:\/\/elvira-kaselitz.de\/index.php\/wp-json\/wp\/v2\/users\/1"}],"replies":[{"embeddable":true,"href":"https:\/\/elvira-kaselitz.de\/index.php\/wp-json\/wp\/v2\/comments?post=1303"}],"version-history":[{"count":1,"href":"https:\/\/elvira-kaselitz.de\/index.php\/wp-json\/wp\/v2\/pages\/1303\/revisions"}],"predecessor-version":[{"id":1314,"href":"https:\/\/elvira-kaselitz.de\/index.php\/wp-json\/wp\/v2\/pages\/1303\/revisions\/1314"}],"wp:attachment":[{"href":"https:\/\/elvira-kaselitz.de\/index.php\/wp-json\/wp\/v2\/media?parent=1303"}],"curies":[{"name":"wp","href":"https:\/\/api.w.org\/{rel}","templated":true}]}}