{"id":1302,"date":"2018-12-04T22:38:07","date_gmt":"2018-12-04T21:38:07","guid":{"rendered":"https:\/\/elvira-kaselitz.de\/?page_id=1302"},"modified":"2018-12-07T10:33:41","modified_gmt":"2018-12-07T09:33:41","slug":"fusreflex","status":"publish","type":"page","link":"https:\/\/elvira-kaselitz.de\/index.php\/fusreflex\/","title":{"rendered":"Fu\u00dfreflex"},"content":{"rendered":"<div class=\"wpb-content-wrapper\"><p>[vc_row][vc_column width=&#8220;1\/2&#8243;][vc_empty_space height=&#8220;50px&#8220;][vc_single_image image=&#8220;1311&#8243; img_size=&#8220;full&#8220;][\/vc_column][vc_column width=&#8220;1\/2&#8243;][vc_empty_space height=&#8220;50px&#8220;][vc_column_text]<span style=\"font-weight: 400;\">Sie versucht auf energetischem Weg Dysfunktion zu beheben und so eine Harmonisierung des ins Ungleichgewicht geratenen Zustand mit k\u00f6rpereigenen Mitteln zu erreichen.<\/span><\/p>\n<p>&nbsp;<\/p>\n<p><span style=\"font-weight: 400;\">Durch massieren der Reflexpunkte werden Blockaden gel\u00f6st, Spannungszust\u00e4nde abgebaut und Lebensenergie aktiviert.<\/span><\/p>\n<p>&nbsp;<\/p>\n<p><span style=\"font-weight: 400;\">Das Ziel meiner Arbeit ist, die Kr\u00e4fte des K\u00f6rpers zu harmonisieren, sodass Ihr Organismus auftretende St\u00f6rungen aus eigener Kraft ausgleichen kann. <\/span><\/p>\n<p>&nbsp;<\/p>\n<p><span style=\"font-weight: 400;\">Eine Stunde lang den Alltag loslassen und die Massage, sowie Ruhe genie\u00dfen.<\/span><\/p>\n<p>&nbsp;<\/p>\n<p><span style=\"font-weight: 400;\">Als Therapie sollte eine Behandlungsserie von mindestens 6-8 Terminen eingehalten werden.<\/span>[\/vc_column_text][\/vc_column][\/vc_row]<\/p>\n<\/div>","protected":false},"excerpt":{"rendered":"<p>[vc_row][vc_column width=&#8220;1\/2&#8243;][vc_empty_space height=&#8220;50px&#8220;][vc_single_image image=&#8220;1311&#8243; img_size=&#8220;full&#8220;][\/vc_column][vc_column width=&#8220;1\/2&#8243;][vc_empty_space height=&#8220;50px&#8220;][vc_column_text]Sie versucht auf energetischem Weg Dysfunktion zu beheben und so eine Harmonisierung des ins Ungleichgewicht geratenen Zustand mit k\u00f6rpereigenen Mitteln zu erreichen. &nbsp; Durch massieren der Reflexpunkte werden Blockaden gel\u00f6st, Spannungszust\u00e4nde abgebaut und Lebensenergie aktiviert. &nbsp; Das Ziel meiner Arbeit ist, die Kr\u00e4fte des K\u00f6rpers zu harmonisieren, sodass Ihr [&hellip;]<\/p>\n","protected":false},"author":1,"featured_media":0,"parent":0,"menu_order":0,"comment_status":"closed","ping_status":"closed","template":"","meta":{"footnotes":""},"class_list":["post-1302","page","type-page","status-publish","hentry"],"_links":{"self":[{"href":"https:\/\/elvira-kaselitz.de\/index.php\/wp-json\/wp\/v2\/pages\/1302","targetHints":{"allow":["GET"]}}],"collection":[{"href":"https:\/\/elvira-kaselitz.de\/index.php\/wp-json\/wp\/v2\/pages"}],"about":[{"href":"https:\/\/elvira-kaselitz.de\/index.php\/wp-json\/wp\/v2\/types\/page"}],"author":[{"embeddable":true,"href":"https:\/\/elvira-kaselitz.de\/index.php\/wp-json\/wp\/v2\/users\/1"}],"replies":[{"embeddable":true,"href":"https:\/\/elvira-kaselitz.de\/index.php\/wp-json\/wp\/v2\/comments?post=1302"}],"version-history":[{"count":2,"href":"https:\/\/elvira-kaselitz.de\/index.php\/wp-json\/wp\/v2\/pages\/1302\/revisions"}],"predecessor-version":[{"id":1385,"href":"https:\/\/elvira-kaselitz.de\/index.php\/wp-json\/wp\/v2\/pages\/1302\/revisions\/1385"}],"wp:attachment":[{"href":"https:\/\/elvira-kaselitz.de\/index.php\/wp-json\/wp\/v2\/media?parent=1302"}],"curies":[{"name":"wp","href":"https:\/\/api.w.org\/{rel}","templated":true}]}}